{"id":336,"date":"2023-11-20T17:12:26","date_gmt":"2023-11-20T17:12:26","guid":{"rendered":"http:\/\/www.ban-trans.eu\/?page_id=336"},"modified":"2024-11-03T20:16:10","modified_gmt":"2024-11-03T20:16:10","slug":"uber-uns","status":"publish","type":"page","link":"https:\/\/www.ban-trans.eu\/de\/o-nas\/","title":{"rendered":"\u00dcBER UNS"},"content":{"rendered":"<div data-elementor-type=\"wp-page\" data-elementor-id=\"336\" class=\"elementor elementor-336\">\n\t\t\t\t<div class=\"elementor-element elementor-element-e5698bb e-con-full e-flex e-con e-parent\" data-id=\"e5698bb\" data-element_type=\"container\" data-e-type=\"container\">\n\t\t\t\t<div class=\"elementor-element elementor-element-3daaae9 elementor-widget elementor-widget-image\" data-id=\"3daaae9\" data-element_type=\"widget\" data-e-type=\"widget\" data-widget_type=\"image.default\">\n\t\t\t\t<div class=\"elementor-widget-container\">\n\t\t\t\t\t\t\t\t\t\t\t\t\t\t\t<img decoding=\"async\" src=\"https:\/\/www.ban-trans.eu\/wp-content\/uploads\/elementor\/thumbs\/Ban-Trans-Removals-UK-and-Europe-rhicxhr8sorhk9zf67jypwfd19e1d0fowvv6xywrx4.jpg\" title=\"Verbot von Trans-Umz\u00fcgen in Gro\u00dfbritannien und Europa\" alt=\"Umz\u00fcge Gro\u00dfbritannien\" loading=\"lazy\" \/>\t\t\t\t\t\t\t\t\t\t\t\t\t\t\t<\/div>\n\t\t\t\t<\/div>\n\t\t\t\t<\/div>\n\t\t<div class=\"elementor-element elementor-element-f9c0253 e-flex e-con-boxed elementor-invisible e-con e-parent\" data-id=\"f9c0253\" data-element_type=\"container\" data-e-type=\"container\" data-settings=\"{&quot;animation&quot;:&quot;fadeInUp&quot;}\">\n\t\t\t\t\t<div class=\"e-con-inner\">\n\t\t\t\t<div class=\"elementor-element elementor-element-356409f elementor-widget__width-auto elementor-widget elementor-widget-heading\" data-id=\"356409f\" data-element_type=\"widget\" data-e-type=\"widget\" data-widget_type=\"heading.default\">\n\t\t\t\t<div class=\"elementor-widget-container\">\n\t\t\t\t\t<h2 class=\"elementor-heading-title elementor-size-default\">\u00dcBER UNS<\/h2>\t\t\t\t<\/div>\n\t\t\t\t<\/div>\n\t\t\t\t\t<\/div>\n\t\t\t\t<\/div>\n\t\t<div class=\"elementor-element elementor-element-27b6021 e-flex e-con-boxed e-con e-parent\" data-id=\"27b6021\" data-element_type=\"container\" data-e-type=\"container\">\n\t\t\t\t\t<div class=\"e-con-inner\">\n\t\t\t\t<div class=\"elementor-element elementor-element-a9e167e elementor-widget elementor-widget-text-editor\" data-id=\"a9e167e\" data-element_type=\"widget\" data-e-type=\"widget\" data-widget_type=\"text-editor.default\">\n\t\t\t\t<div class=\"elementor-widget-container\">\n\t\t\t\t\t\t\t\t\t<p><b>Firma BAN-TRANS<\/b> wurde 2017 gegr\u00fcndet. Seit Beginn unserer T\u00e4tigkeit sind wir eine erkennbare Marke auf dem europ\u00e4ischen Markt. Dank des Engagements unserer Mitarbeiter und der harten Arbeit unserer Fahrer sind wir zum Marktf\u00fchrer geworden <b>Internationale Umz\u00fcge in Europa<\/b><\/p>\n<p>Bei BAN-TRANS sch\u00e4tzen die Kunden vor allem die Qualit\u00e4t und Kultur unserer Arbeit. Uns ist bewusst, dass jeder Umzug, egal ob gro\u00df oder klein, f\u00fcr den Kunden ein tolles Erlebnis ist, weshalb wir alles daf\u00fcr tun, dass der Transport ohne unn\u00f6tige \u00dcberraschungen abl\u00e4uft.<\/p>\n<p>Der Standard unseres Unternehmens besteht darin, in jeder Phase der Auftragsausf\u00fchrung in st\u00e4ndigem Kontakt mit dem Kunden zu bleiben. Wir haben keine Angst vor Telefonanrufen, Fragen und der allt\u00e4glichen Pflege unseres Eigentums. Um das Risiko von \u00dcberraschungen zu minimieren, besteht unser Fuhrpark aus Lieferfahrzeugen mit maximal 4 Jahren Erfahrung.<\/p>\n<p>Zum Schutz Ihres Eigentums verzichten wir w\u00e4hrend der Auftragsabwicklung auf das Umladen von Waren. Wir sind ein legal agierendes Unternehmen, das wei\u00df, was es tut. Wir verf\u00fcgen \u00fcber eine internationale Lizenz, ein Zertifikat \u00fcber die berufliche Eignung und eine Haftpflichtversicherung des Frachtf\u00fchrers.<\/p>\n<p>Die Hauptt\u00e4tigkeitsgebiete unseres Unternehmens sind Gro\u00dfbritannien und die Europ\u00e4ische Union. Wir versuchen sicherzustellen, dass der Versand innerhalb von 48 Stunden abgeschlossen ist. \u00fcberall in Europa. Wir haben Erfahrung mit Umz\u00fcgen nach Malta, Korfu und Mallorca. Unsere Fahrer erreichen jeden Winkel Europas, um die Erwartungen der Kunden zu erf\u00fcllen.<\/p>\n<p>Bei BAN-TRANS k\u00f6nnen Sie sicher sein, dass wir Ihren Umzug mit der gebotenen Sorgfalt und Seriosit\u00e4t abwickeln und unser Team den Fortschritt \u00fcberwacht, sodass Sie jederzeit wissen, wie Ihr Transport voranschreitet.<\/p>\t\t\t\t\t\t\t\t<\/div>\n\t\t\t\t<\/div>\n\t\t<div class=\"elementor-element elementor-element-50e13d9 e-flex e-con-boxed e-con e-child\" data-id=\"50e13d9\" data-element_type=\"container\" data-e-type=\"container\">\n\t\t\t\t\t<div class=\"e-con-inner\">\n\t\t\t\t<div class=\"elementor-element elementor-element-7132918 elementor-widget elementor-widget-button\" data-id=\"7132918\" data-element_type=\"widget\" data-e-type=\"widget\" data-widget_type=\"button.default\">\n\t\t\t\t<div class=\"elementor-widget-container\">\n\t\t\t\t\t\t\t\t\t<div class=\"elementor-button-wrapper\">\n\t\t\t\t\t<a class=\"elementor-button elementor-button-link elementor-size-sm\" href=\"#\">\n\t\t\t\t\t\t<span class=\"elementor-button-content-wrapper\">\n\t\t\t\t\t\t\t\t\t<span class=\"elementor-button-text\">KONTAKT<\/span>\n\t\t\t\t\t<\/span>\n\t\t\t\t\t<\/a>\n\t\t\t\t<\/div>\n\t\t\t\t\t\t\t\t<\/div>\n\t\t\t\t<\/div>\n\t\t\t\t<div class=\"elementor-element elementor-element-20b9708 elementor-widget elementor-widget-button\" data-id=\"20b9708\" data-element_type=\"widget\" data-e-type=\"widget\" data-widget_type=\"button.default\">\n\t\t\t\t<div class=\"elementor-widget-container\">\n\t\t\t\t\t\t\t\t\t<div class=\"elementor-button-wrapper\">\n\t\t\t\t\t<a class=\"elementor-button elementor-button-link elementor-size-sm\" href=\"https:\/\/www.ban-trans.eu\/de\/zitat\/\">\n\t\t\t\t\t\t<span class=\"elementor-button-content-wrapper\">\n\t\t\t\t\t\t\t\t\t<span class=\"elementor-button-text\">ZITAT<\/span>\n\t\t\t\t\t<\/span>\n\t\t\t\t\t<\/a>\n\t\t\t\t<\/div>\n\t\t\t\t\t\t\t\t<\/div>\n\t\t\t\t<\/div>\n\t\t\t\t\t<\/div>\n\t\t\t\t<\/div>\n\t\t\t\t\t<\/div>\n\t\t\t\t<\/div>\n\t\t<div class=\"elementor-element elementor-element-595d805 e-flex e-con-boxed e-con e-parent\" data-id=\"595d805\" data-element_type=\"container\" data-e-type=\"container\">\n\t\t\t\t\t<div class=\"e-con-inner\">\n\t\t\t\t<div class=\"elementor-element elementor-element-a025124 elementor-widget__width-auto elementor-widget elementor-widget-heading\" data-id=\"a025124\" data-element_type=\"widget\" data-e-type=\"widget\" data-widget_type=\"heading.default\">\n\t\t\t\t<div class=\"elementor-widget-container\">\n\t\t\t\t\t<h2 class=\"elementor-heading-title elementor-size-default\">UNSERE ZERTIFIKATE<\/h2>\t\t\t\t<\/div>\n\t\t\t\t<\/div>\n\t\t\t\t\t<\/div>\n\t\t\t\t<\/div>\n\t\t<div class=\"elementor-element elementor-element-74fe8c4 e-flex e-con-boxed e-con e-parent\" data-id=\"74fe8c4\" data-element_type=\"container\" data-e-type=\"container\">\n\t\t\t\t\t<div class=\"e-con-inner\">\n\t\t<div class=\"elementor-element elementor-element-0758af4 e-con-full animated-fast e-flex elementor-invisible e-con e-child\" data-id=\"0758af4\" data-element_type=\"container\" data-e-type=\"container\" data-settings=\"{&quot;animation&quot;:&quot;fadeInLeft&quot;}\">\n\t\t\t\t<div class=\"elementor-element elementor-element-725d274 elementor-widget elementor-widget-image\" data-id=\"725d274\" data-element_type=\"widget\" data-e-type=\"widget\" data-widget_type=\"image.default\">\n\t\t\t\t<div class=\"elementor-widget-container\">\n\t\t\t\t\t\t\t\t\t\t\t\t\t\t\t<img decoding=\"async\" src=\"https:\/\/www.ban-trans.eu\/wp-content\/uploads\/elementor\/thumbs\/Licencja-rhicxdzfygtrs3cm8t35y5eamditxlno2xh5mup450.jpg\" title=\"Lizenz\" alt=\"\u00fcber uns\" loading=\"lazy\" \/>\t\t\t\t\t\t\t\t\t\t\t\t\t\t\t<\/div>\n\t\t\t\t<\/div>\n\t\t\t\t<\/div>\n\t\t<div class=\"elementor-element elementor-element-f4b9230 e-con-full animated-fast e-flex elementor-invisible e-con e-child\" data-id=\"f4b9230\" data-element_type=\"container\" data-e-type=\"container\" data-settings=\"{&quot;animation&quot;:&quot;fadeInRight&quot;}\">\n\t\t\t\t<div class=\"elementor-element elementor-element-170aa0e elementor-widget elementor-widget-image\" data-id=\"170aa0e\" data-element_type=\"widget\" data-e-type=\"widget\" data-widget_type=\"image.default\">\n\t\t\t\t<div class=\"elementor-widget-container\">\n\t\t\t\t\t\t\t\t\t\t\t\t\t\t\t<img decoding=\"async\" src=\"https:\/\/www.ban-trans.eu\/wp-content\/uploads\/elementor\/thumbs\/Certyfikat-Kompetencji-Zawodowych-rhicxdzfygtrs3cm8t35y5eamditxlno2xh5mup450.jpg\" title=\"Zertifikat der beruflichen Eignung\" alt=\"\u00fcber uns\" loading=\"lazy\" \/>\t\t\t\t\t\t\t\t\t\t\t\t\t\t\t<\/div>\n\t\t\t\t<\/div>\n\t\t\t\t<\/div>\n\t\t\t\t\t<\/div>\n\t\t\t\t<\/div>\n\t\t<div class=\"elementor-element elementor-element-e209209 e-flex e-con-boxed e-con e-parent\" data-id=\"e209209\" data-element_type=\"container\" data-e-type=\"container\">\n\t\t\t\t\t<div class=\"e-con-inner\">\n\t\t\t\t<div class=\"elementor-element elementor-element-d794ef4 elementor-widget elementor-widget-heading\" data-id=\"d794ef4\" data-element_type=\"widget\" data-e-type=\"widget\" data-widget_type=\"heading.default\">\n\t\t\t\t<div class=\"elementor-widget-container\">\n\t\t\t\t\t<h2 class=\"elementor-heading-title elementor-size-default\">Umz\u00fcge in Gro\u00dfbritannien und Europa<\/h2>\t\t\t\t<\/div>\n\t\t\t\t<\/div>\n\t\t\t\t\t<\/div>\n\t\t\t\t<\/div>\n\t\t<div class=\"elementor-element elementor-element-b346e90 e-flex e-con-boxed e-con e-parent\" data-id=\"b346e90\" data-element_type=\"container\" data-e-type=\"container\" data-settings=\"{&quot;background_background&quot;:&quot;classic&quot;}\">\n\t\t\t\t\t<div class=\"e-con-inner\">\n\t\t<div class=\"elementor-element elementor-element-b21cc6f e-flex e-con-boxed e-con e-child\" data-id=\"b21cc6f\" data-element_type=\"container\" data-e-type=\"container\" data-settings=\"{&quot;background_background&quot;:&quot;classic&quot;}\">\n\t\t\t\t\t<div class=\"e-con-inner\">\n\t\t\t\t<div class=\"elementor-element elementor-element-dd66f62 elementor-widget elementor-widget-text-editor\" data-id=\"dd66f62\" data-element_type=\"widget\" data-e-type=\"widget\" data-widget_type=\"text-editor.default\">\n\t\t\t\t<div class=\"elementor-widget-container\">\n\t\t\t\t\t\t\t\t\t<strong>Schnelles Online-Angebot<\/strong> Dies ist einer der vielen Vorteile unseres Unternehmens. Wir versuchen, Ihre Transportzeit innerhalb von 1 Stunde zu sch\u00e4tzen, meist schaffen wir es jedoch, den Transport in nur 15 Minuten abzuschlie\u00dfen. Ein Kostenvoranschlag ist nicht alles, wir stehen in st\u00e4ndigem Kontakt mit dem Kunden, wenn er Hilfe bei der Sch\u00e4tzung der Belastung ben\u00f6tigt. Was den Zeitpunkt des Umzugs ins Ausland betrifft, sind wir flexibel. W\u00e4hrend des Transports bleiben wir in st\u00e4ndigem Kontakt mit Ihnen, um die h\u00f6chste Qualit\u00e4t der angebotenen Dienstleistungen sicherzustellen. Wenn Sie haben <strong>Problem beim Sch\u00e4tzen der Belastung<\/strong>Senden Sie uns Fotos der zu transportierenden Gegenst\u00e4nde und wir werden versuchen, den Transport effizient zu berechnen. Wir laden Sie ein, von unserem kostenlosen Angebot zu profitieren.\t\t\t\t\t\t\t\t<\/div>\n\t\t\t\t<\/div>\n\t\t\t\t\t<\/div>\n\t\t\t\t<\/div>\n\t\t\t\t\t<\/div>\n\t\t\t\t<\/div>\n\t\t<div class=\"elementor-element elementor-element-b19edad e-flex e-con-boxed e-con e-parent\" data-id=\"b19edad\" data-element_type=\"container\" data-e-type=\"container\">\n\t\t\t\t\t<div class=\"e-con-inner\">\n\t\t<div class=\"elementor-element elementor-element-61bb774 e-flex e-con-boxed e-con e-child\" data-id=\"61bb774\" data-element_type=\"container\" data-e-type=\"container\" data-settings=\"{&quot;background_background&quot;:&quot;classic&quot;}\">\n\t\t\t\t\t<div class=\"e-con-inner\">\n\t\t<div class=\"elementor-element elementor-element-017f142 e-flex e-con-boxed e-con e-child\" data-id=\"017f142\" data-element_type=\"container\" data-e-type=\"container\">\n\t\t\t\t\t<div class=\"e-con-inner\">\n\t\t\t\t<div class=\"elementor-element elementor-element-a42b578 elementor-widget elementor-widget-text-editor\" data-id=\"a42b578\" data-element_type=\"widget\" data-e-type=\"widget\" data-widget_type=\"text-editor.default\">\n\t\t\t\t<div class=\"elementor-widget-container\">\n\t\t\t\t\t\t\t\t\tTelefonkontakt in Gro\u00dfbritannien und Europa\t\t\t\t\t\t\t\t<\/div>\n\t\t\t\t<\/div>\n\t\t\t\t<div class=\"elementor-element elementor-element-2121072 elementor-tablet-align-center elementor-widget-tablet__width-auto elementor-widget-mobile__width-auto elementor-widget elementor-widget-button\" data-id=\"2121072\" data-element_type=\"widget\" data-e-type=\"widget\" data-widget_type=\"button.default\">\n\t\t\t\t<div class=\"elementor-widget-container\">\n\t\t\t\t\t\t\t\t\t<div class=\"elementor-button-wrapper\">\n\t\t\t\t\t<a class=\"elementor-button elementor-button-link elementor-size-sm\" href=\"https:\/\/wa.me\/+48536714246\" target=\"_blank\" rel=\"noopener\">\n\t\t\t\t\t\t<span class=\"elementor-button-content-wrapper\">\n\t\t\t\t\t\t<span class=\"elementor-button-icon\">\n\t\t\t\t<svg aria-hidden=\"true\" class=\"e-font-icon-svg e-fab-whatsapp\" viewbox=\"0 0 448 512\" xmlns=\"http:\/\/www.w3.org\/2000\/svg\"><path d=\"M380.9 97.1C339 55.1 283.2 32 223.9 32c-122.4 0-222 99.6-222 222 0 39.1 10.2 77.3 29.6 111L0 480l117.7-30.9c32.4 17.7 68.9 27 106.1 27h.1c122.3 0 224.1-99.6 224.1-222 0-59.3-25.2-115-67.1-157zm-157 341.6c-33.2 0-65.7-8.9-94-25.7l-6.7-4-69.8 18.3L72 359.2l-4.4-7c-18.5-29.4-28.2-63.3-28.2-98.2 0-101.7 82.8-184.5 184.6-184.5 49.3 0 95.6 19.2 130.4 54.1 34.8 34.9 56.2 81.2 56.1 130.5 0 101.8-84.9 184.6-186.6 184.6zm101.2-138.2c-5.5-2.8-32.8-16.2-37.9-18-5.1-1.9-8.8-2.8-12.5 2.8-3.7 5.6-14.3 18-17.6 21.8-3.2 3.7-6.5 4.2-12 1.4-32.6-16.3-54-29.1-75.5-66-5.7-9.8 5.7-9.1 16.3-30.3 1.8-3.7.9-6.9-.5-9.7-1.4-2.8-12.5-30.1-17.1-41.2-4.5-10.8-9.1-9.3-12.5-9.5-3.2-.2-6.9-.2-10.6-.2-3.7 0-9.7 1.4-14.8 6.9-5.1 5.6-19.4 19-19.4 46.3 0 27.3 19.9 53.7 22.6 57.4 2.8 3.7 39.1 59.7 94.8 83.8 35.2 15.2 49 16.5 66.6 13.9 10.7-1.6 32.8-13.4 37.4-26.4 4.6-13 4.6-24.1 3.2-26.4-1.3-2.5-5-3.9-10.5-6.6z\"><\/path><\/svg>\t\t\t<\/span>\n\t\t\t\t\t\t\t\t\t<span class=\"elementor-button-text\">WhatsApp<\/span>\n\t\t\t\t\t<\/span>\n\t\t\t\t\t<\/a>\n\t\t\t\t<\/div>\n\t\t\t\t\t\t\t\t<\/div>\n\t\t\t\t<\/div>\n\t\t\t\t\t<\/div>\n\t\t\t\t<\/div>\n\t\t\t\t\t<\/div>\n\t\t\t\t<\/div>\n\t\t\t\t\t<\/div>\n\t\t\t\t<\/div>\n\t\t\t\t<\/div>","protected":false},"excerpt":{"rendered":"<p>O NAS Firma BAN-TRANS powsta\u0142a w 2017 roku. Od pocz\u0105tku dzia\u0142alno\u015bci jeste\u015bmy rozpoznawaln\u0105 mark\u0105 na rynku Europejskim. Dzi\u0119ki zaanga\u017cowaniu naszego personelu oraz ci\u0119\u017ckiej pracy kierowc\u00f3w stali\u015bmy si\u0119 liderem na rynku przeprowadzek mi\u0119dzynarodowych w Europie W BAN-TRANS klienci doceniaj\u0105 przede wszystkim jako\u015b\u0107 oraz kultur\u0119 naszej pracy. Zdajemy sobie spraw\u0119 z tego, \u017ce ka\u017cda Przeprowadzka, czy du\u017ca [&hellip;]<\/p>\n","protected":false},"author":1,"featured_media":924,"parent":0,"menu_order":0,"comment_status":"closed","ping_status":"closed","template":"","meta":{"inline_featured_image":false,"site-sidebar-layout":"no-sidebar","site-content-layout":"","ast-site-content-layout":"full-width-container","site-content-style":"default","site-sidebar-style":"default","ast-global-header-display":"","ast-banner-title-visibility":"","ast-main-header-display":"","ast-hfb-above-header-display":"","ast-hfb-below-header-display":"","ast-hfb-mobile-header-display":"","site-post-title":"disabled","ast-breadcrumbs-content":"","ast-featured-img":"","footer-sml-layout":"","ast-disable-related-posts":"","theme-transparent-header-meta":"","adv-header-id-meta":"","stick-header-meta":"","header-above-stick-meta":"","header-main-stick-meta":"","header-below-stick-meta":"","astra-migrate-meta-layouts":"","ast-page-background-enabled":"default","ast-page-background-meta":{"desktop":{"background-color":"var(--ast-global-color-4)","background-image":"","background-repeat":"repeat","background-position":"center center","background-size":"auto","background-attachment":"scroll","background-type":"","background-media":"","overlay-type":"","overlay-color":"","overlay-opacity":"","overlay-gradient":""},"tablet":{"background-color":"","background-image":"","background-repeat":"repeat","background-position":"center center","background-size":"auto","background-attachment":"scroll","background-type":"","background-media":"","overlay-type":"","overlay-color":"","overlay-opacity":"","overlay-gradient":""},"mobile":{"background-color":"","background-image":"","background-repeat":"repeat","background-position":"center center","background-size":"auto","background-attachment":"scroll","background-type":"","background-media":"","overlay-type":"","overlay-color":"","overlay-opacity":"","overlay-gradient":""}},"ast-content-background-meta":{"desktop":{"background-color":"var(--ast-global-color-5)","background-image":"","background-repeat":"repeat","background-position":"center center","background-size":"auto","background-attachment":"scroll","background-type":"","background-media":"","overlay-type":"","overlay-color":"","overlay-opacity":"","overlay-gradient":""},"tablet":{"background-color":"var(--ast-global-color-5)","background-image":"","background-repeat":"repeat","background-position":"center center","background-size":"auto","background-attachment":"scroll","background-type":"","background-media":"","overlay-type":"","overlay-color":"","overlay-opacity":"","overlay-gradient":""},"mobile":{"background-color":"var(--ast-global-color-5)","background-image":"","background-repeat":"repeat","background-position":"center center","background-size":"auto","background-attachment":"scroll","background-type":"","background-media":"","overlay-type":"","overlay-color":"","overlay-opacity":"","overlay-gradient":""}},"footnotes":""},"class_list":["post-336","page","type-page","status-publish","has-post-thumbnail","hentry"],"_links":{"self":[{"href":"https:\/\/www.ban-trans.eu\/de\/wp-json\/wp\/v2\/pages\/336","targetHints":{"allow":["GET"]}}],"collection":[{"href":"https:\/\/www.ban-trans.eu\/de\/wp-json\/wp\/v2\/pages"}],"about":[{"href":"https:\/\/www.ban-trans.eu\/de\/wp-json\/wp\/v2\/types\/page"}],"author":[{"embeddable":true,"href":"https:\/\/www.ban-trans.eu\/de\/wp-json\/wp\/v2\/users\/1"}],"replies":[{"embeddable":true,"href":"https:\/\/www.ban-trans.eu\/de\/wp-json\/wp\/v2\/comments?post=336"}],"version-history":[{"count":181,"href":"https:\/\/www.ban-trans.eu\/de\/wp-json\/wp\/v2\/pages\/336\/revisions"}],"predecessor-version":[{"id":2985,"href":"https:\/\/www.ban-trans.eu\/de\/wp-json\/wp\/v2\/pages\/336\/revisions\/2985"}],"wp:featuredmedia":[{"embeddable":true,"href":"https:\/\/www.ban-trans.eu\/de\/wp-json\/wp\/v2\/media\/924"}],"wp:attachment":[{"href":"https:\/\/www.ban-trans.eu\/de\/wp-json\/wp\/v2\/media?parent=336"}],"curies":[{"name":"wp","href":"https:\/\/api.w.org\/{rel}","templated":true}]}}